{"id":1385,"date":"2026-03-12T10:59:43","date_gmt":"2026-03-12T10:59:43","guid":{"rendered":"https:\/\/garantitavukculuk.com\/?page_id=1385"},"modified":"2026-05-02T12:46:02","modified_gmt":"2026-05-02T12:46:02","slug":"hakkimizda","status":"publish","type":"page","link":"https:\/\/garantitavukculuk.com\/en\/hakkimizda\/","title":{"rendered":"HAKKIMIZDA"},"content":{"rendered":"<div data-elementor-type=\"wp-page\" data-elementor-id=\"1385\" class=\"elementor elementor-1385\" data-elementor-post-type=\"page\">\n\t\t\t\t<div class=\"elementor-element elementor-element-bb6023a e-con-full e-flex e-con e-parent\" data-id=\"bb6023a\" data-element_type=\"container\">\n\t\t\t\t<div class=\"elementor-element elementor-element-d6d495f elementor-widget__width-inherit elementor-widget elementor-widget-html\" data-id=\"d6d495f\" data-element_type=\"widget\" data-widget_type=\"html.default\">\n\t\t\t\t<div class=\"elementor-widget-container\">\n\t\t\t\t\t<!DOCTYPE html>\r\n<html lang=\"tr\">\r\n<head>\r\n<meta charset=\"UTF-8\">\r\n<meta name=\"viewport\" content=\"width=device-width, initial-scale=1.0\">\r\n<title>Hakk\u0131m\u0131zda \u2014 Garanti Tavuk\u00e7uluk<\/title>\r\n<link href=\"https:\/\/fonts.googleapis.com\/css2?family=Nunito:wght@300;400;600;700;800;900&display=swap\" rel=\"stylesheet\">\r\n<style>\r\n*, *::before, *::after { box-sizing: border-box; margin: 0; padding: 0; }\r\n\r\n:root {\r\n  --red: #C71F25;\r\n  --red-dk: #9e181d;\r\n  --cream: #FFFBF4;\r\n  --warm: #F5ECD8;\r\n  --brown: #1A0F08;\r\n  --muted: #7A6050;\r\n  --light: #B8A090;\r\n}\r\n\r\nhtml { scroll-behavior: smooth; }\r\n\r\nbody {\r\n  font-family: 'Nunito', sans-serif;\r\n  background: var(--cream);\r\n  color: var(--brown);\r\n  overflow-x: hidden;\r\n}\r\n\r\n\/* \u2550\u2550 SCROLL REVEAL \u2550\u2550\u2550\u2550\u2550\u2550\u2550\u2550\u2550\u2550\u2550\u2550\u2550\u2550\u2550\u2550\u2550\u2550\u2550\u2550\u2550\u2550\u2550\u2550\u2550\u2550\u2550\u2550\u2550\u2550\u2550\u2550\u2550\u2550\u2550\u2550 *\/\r\n.reveal {\r\n  opacity: 0;\r\n  transform: translateY(40px);\r\n  transition: opacity 0.8s cubic-bezier(0.22,1,0.36,1),\r\n              transform 0.8s cubic-bezier(0.22,1,0.36,1);\r\n}\r\n.reveal.in { opacity: 1; transform: translateY(0); }\r\n.reveal-left {\r\n  opacity: 0;\r\n  transform: translateX(-60px);\r\n  transition: opacity 0.9s cubic-bezier(0.22,1,0.36,1),\r\n              transform 0.9s cubic-bezier(0.22,1,0.36,1);\r\n}\r\n.reveal-left.in { opacity: 1; transform: translateX(0); }\r\n.reveal-right {\r\n  opacity: 0;\r\n  transform: translateX(60px);\r\n  transition: opacity 0.9s cubic-bezier(0.22,1,0.36,1),\r\n              transform 0.9s cubic-bezier(0.22,1,0.36,1);\r\n}\r\n.reveal-right.in { opacity: 1; transform: translateX(0); }\r\n\r\n\/* \u2550\u2550 HERO \u2550\u2550\u2550\u2550\u2550\u2550\u2550\u2550\u2550\u2550\u2550\u2550\u2550\u2550\u2550\u2550\u2550\u2550\u2550\u2550\u2550\u2550\u2550\u2550\u2550\u2550\u2550\u2550\u2550\u2550\u2550\u2550\u2550\u2550\u2550\u2550\u2550\u2550\u2550\u2550\u2550\u2550\u2550\u2550\u2550 *\/\r\n.hero {\r\n  position: relative;\r\n  width: 100%;\r\n  height: 70vh;\r\n  min-height: 500px;\r\n  overflow: hidden;\r\n  display: flex;\r\n  align-items: flex-end;\r\n}\r\n\r\n.hero__img {\r\n  position: absolute;\r\n  inset: 0;\r\n  background: url('https:\/\/images.unsplash.com\/photo-1548550023-2bdb3c5beed7?w=1600&q=80') center\/cover no-repeat;\r\n  transform: scale(1.08);\r\n  animation: heroZoom 12s ease-out forwards;\r\n}\r\n\r\n@keyframes heroZoom {\r\n  to { transform: scale(1); }\r\n}\r\n\r\n.hero__overlay {\r\n  position: absolute;\r\n  inset: 0;\r\n  background: linear-gradient(\r\n    to top,\r\n    rgba(15,8,5,0.85) 0%,\r\n    rgba(15,8,5,0.45) 50%,\r\n    rgba(15,8,5,0.15) 100%\r\n  );\r\n}\r\n\r\n.hero__content {\r\n  position: relative;\r\n  z-index: 2;\r\n  max-width: 1100px;\r\n  margin: 0 auto;\r\n  width: 100%;\r\n  padding: 0 48px 64px;\r\n}\r\n\r\n.hero__tag {\r\n  display: inline-flex;\r\n  align-items: center;\r\n  gap: 8px;\r\n  font-size: 11px;\r\n  font-weight: 800;\r\n  letter-spacing: 0.18em;\r\n  text-transform: uppercase;\r\n  color: rgba(255,255,255,0.7);\r\n  background: rgba(255,255,255,0.1);\r\n  backdrop-filter: blur(8px);\r\n  border: 1px solid rgba(255,255,255,0.15);\r\n  border-radius: 50px;\r\n  padding: 6px 16px;\r\n  margin-bottom: 20px;\r\n}\r\n\r\n.hero__tag span { color: var(--red); }\r\n\r\n.hero__title {\r\n  font-size: 56px;\r\n  font-weight: 900;\r\n  color: #fff;\r\n  line-height: 1.05;\r\n  letter-spacing: -1.5px;\r\n  margin-bottom: 6px;\r\n  animation: fadeUp 0.9s 0.3s both;\r\n}\r\n\r\n.hero__title em {\r\n  color: var(--red);\r\n  font-style: normal;\r\n}\r\n\r\n.hero__year {\r\n  font-size: 14px;\r\n  font-weight: 600;\r\n  color: rgba(255,255,255,0.5);\r\n  letter-spacing: 0.1em;\r\n  animation: fadeUp 0.9s 0.5s both;\r\n}\r\n\r\n@keyframes fadeUp {\r\n  from { opacity: 0; transform: translateY(24px); }\r\n  to   { opacity: 1; transform: translateY(0); }\r\n}\r\n\r\n\/* \u2550\u2550 STATS BAR \u2550\u2550\u2550\u2550\u2550\u2550\u2550\u2550\u2550\u2550\u2550\u2550\u2550\u2550\u2550\u2550\u2550\u2550\u2550\u2550\u2550\u2550\u2550\u2550\u2550\u2550\u2550\u2550\u2550\u2550\u2550\u2550\u2550\u2550\u2550\u2550\u2550\u2550\u2550\u2550 *\/\r\n.stats-bar {\r\n  background: var(--red);\r\n  padding: 0;\r\n}\r\n\r\n.stats-bar__inner {\r\n  max-width: 1100px;\r\n  margin: 0 auto;\r\n  padding: 0 48px;\r\n  display: grid;\r\n  grid-template-columns: repeat(4, 1fr);\r\n}\r\n\r\n.stats-bar__item {\r\n  padding: 28px 0;\r\n  text-align: center;\r\n  border-right: 1px solid rgba(255,255,255,0.15);\r\n  position: relative;\r\n}\r\n\r\n.stats-bar__item:last-child { border-right: none; }\r\n\r\n.stats-bar__val {\r\n  font-size: 36px;\r\n  font-weight: 900;\r\n  color: #fff;\r\n  line-height: 1;\r\n  letter-spacing: -1px;\r\n  margin-bottom: 4px;\r\n}\r\n\r\n.stats-bar__lbl {\r\n  font-size: 10px;\r\n  font-weight: 700;\r\n  letter-spacing: 0.14em;\r\n  text-transform: uppercase;\r\n  color: rgba(255,255,255,0.65);\r\n}\r\n\r\n\/* \u2550\u2550 ABOUT SECTION \u2550\u2550\u2550\u2550\u2550\u2550\u2550\u2550\u2550\u2550\u2550\u2550\u2550\u2550\u2550\u2550\u2550\u2550\u2550\u2550\u2550\u2550\u2550\u2550\u2550\u2550\u2550\u2550\u2550\u2550\u2550\u2550\u2550\u2550\u2550\u2550 *\/\r\n.about {\r\n  max-width: 1100px;\r\n  margin: 0 auto;\r\n  padding: 100px 48px;\r\n  display: grid;\r\n  grid-template-columns: 1fr 1fr;\r\n  gap: 80px;\r\n  align-items: center;\r\n}\r\n\r\n.about__text-tag {\r\n  display: inline-flex;\r\n  align-items: center;\r\n  gap: 7px;\r\n  font-size: 11px;\r\n  font-weight: 800;\r\n  letter-spacing: 0.16em;\r\n  text-transform: uppercase;\r\n  color: var(--red);\r\n  background: rgba(199,31,37,0.08);\r\n  border-radius: 50px;\r\n  padding: 6px 16px;\r\n  margin-bottom: 22px;\r\n}\r\n\r\n.about__heading {\r\n  font-size: 38px;\r\n  font-weight: 900;\r\n  color: var(--brown);\r\n  line-height: 1.15;\r\n  letter-spacing: -0.8px;\r\n  margin-bottom: 28px;\r\n}\r\n\r\n.about__heading em {\r\n  color: var(--red);\r\n  font-style: normal;\r\n}\r\n\r\n.about__p {\r\n  font-size: 14.5px;\r\n  color: var(--muted);\r\n  line-height: 1.85;\r\n  margin-bottom: 16px;\r\n  font-weight: 400;\r\n}\r\n\r\n.about__p:last-of-type { margin-bottom: 0; }\r\n\r\n\/* About image stack *\/\r\n.about__img-stack {\r\n  position: relative;\r\n  height: 480px;\r\n}\r\n\r\n.about__img-main {\r\n  position: absolute;\r\n  top: 0; left: 0;\r\n  width: 85%;\r\n  height: 380px;\r\n  border-radius: 20px;\r\n  overflow: hidden;\r\n  box-shadow: 0 24px 60px rgba(60,20,10,0.18);\r\n}\r\n\r\n.about__img-main img {\r\n  width: 100%; height: 100%;\r\n  object-fit: cover;\r\n  transition: transform 0.7s ease;\r\n}\r\n\r\n.about__img-main:hover img { transform: scale(1.04); }\r\n\r\n.about__img-sub {\r\n  position: absolute;\r\n  bottom: 0; right: 0;\r\n  width: 55%;\r\n  height: 240px;\r\n  border-radius: 16px;\r\n  overflow: hidden;\r\n  box-shadow: 0 16px 40px rgba(60,20,10,0.16);\r\n  border: 4px solid var(--cream);\r\n}\r\n\r\n.about__img-sub img {\r\n  width: 100%; height: 100%;\r\n  object-fit: cover;\r\n  transition: transform 0.7s ease;\r\n}\r\n\r\n.about__img-sub:hover img { transform: scale(1.04); }\r\n\r\n\/* Red accent line *\/\r\n.about__img-accent {\r\n  position: absolute;\r\n  top: 24px; right: 24px;\r\n  width: 4px;\r\n  height: 80px;\r\n  background: var(--red);\r\n  border-radius: 2px;\r\n}\r\n\r\n\/* \u2550\u2550 QUOTE STRIP \u2550\u2550\u2550\u2550\u2550\u2550\u2550\u2550\u2550\u2550\u2550\u2550\u2550\u2550\u2550\u2550\u2550\u2550\u2550\u2550\u2550\u2550\u2550\u2550\u2550\u2550\u2550\u2550\u2550\u2550\u2550\u2550\u2550\u2550\u2550\u2550\u2550\u2550 *\/\r\n.quote-strip {\r\n  background: var(--warm);\r\n  border-top: 1px solid rgba(199,31,37,0.1);\r\n  border-bottom: 1px solid rgba(199,31,37,0.1);\r\n  padding: 56px 48px;\r\n}\r\n\r\n.quote-strip__inner {\r\n  max-width: 760px;\r\n  margin: 0 auto;\r\n  text-align: center;\r\n}\r\n\r\n.quote-strip__mark {\r\n  font-size: 64px;\r\n  color: var(--red);\r\n  line-height: 0.6;\r\n  margin-bottom: 20px;\r\n  opacity: 0.4;\r\n  display: block;\r\n}\r\n\r\n.quote-strip__text {\r\n  font-size: 20px;\r\n  font-weight: 700;\r\n  color: var(--brown);\r\n  line-height: 1.6;\r\n  letter-spacing: -0.2px;\r\n  margin-bottom: 16px;\r\n}\r\n\r\n.quote-strip__text em { color: var(--red); font-style: normal; }\r\n\r\n.quote-strip__source {\r\n  font-size: 11px;\r\n  font-weight: 800;\r\n  letter-spacing: 0.16em;\r\n  text-transform: uppercase;\r\n  color: var(--light);\r\n}\r\n\r\n\/* \u2550\u2550 M\u0130SYON & V\u0130ZYON \u2550\u2550\u2550\u2550\u2550\u2550\u2550\u2550\u2550\u2550\u2550\u2550\u2550\u2550\u2550\u2550\u2550\u2550\u2550\u2550\u2550\u2550\u2550\u2550\u2550\u2550\u2550\u2550\u2550\u2550\u2550\u2550\u2550\u2550 *\/\r\n.mv {\r\n  max-width: 1100px;\r\n  margin: 0 auto;\r\n  padding: 100px 48px;\r\n  display: grid;\r\n  grid-template-columns: 1fr 1fr;\r\n  gap: 28px;\r\n}\r\n\r\n.mv__card {\r\n  border-radius: 24px;\r\n  padding: 48px 44px;\r\n  position: relative;\r\n  overflow: hidden;\r\n}\r\n\r\n.mv__card--mission {\r\n  background: var(--red);\r\n  color: #fff;\r\n}\r\n\r\n.mv__card--vision {\r\n  background: #fff;\r\n  border: 1.5px solid rgba(199,31,37,0.2);\r\n}\r\n\r\n\/* Card deco *\/\r\n.mv__card::before {\r\n  content: '';\r\n  position: absolute;\r\n  bottom: -40px; right: -40px;\r\n  width: 200px; height: 200px;\r\n  border-radius: 50%;\r\n  border: 40px solid rgba(255,255,255,0.06);\r\n  pointer-events: none;\r\n}\r\n\r\n.mv__card-icon {\r\n  width: 52px; height: 52px;\r\n  border-radius: 14px;\r\n  display: flex; align-items: center; justify-content: center;\r\n  font-size: 24px;\r\n  margin-bottom: 24px;\r\n}\r\n\r\n.mv__card--mission .mv__card-icon {\r\n  background: rgba(255,255,255,0.15);\r\n}\r\n\r\n.mv__card--vision .mv__card-icon {\r\n  background: rgba(199,31,37,0.08);\r\n}\r\n\r\n.mv__card-label {\r\n  font-size: 10px;\r\n  font-weight: 800;\r\n  letter-spacing: 0.2em;\r\n  text-transform: uppercase;\r\n  margin-bottom: 14px;\r\n}\r\n\r\n.mv__card--mission .mv__card-label { color: rgba(255,255,255,0.55); }\r\n.mv__card--vision .mv__card-label { color: var(--red); }\r\n\r\n.mv__card-title {\r\n  font-size: 30px;\r\n  font-weight: 900;\r\n  line-height: 1.1;\r\n  letter-spacing: -0.5px;\r\n  margin-bottom: 20px;\r\n}\r\n\r\n.mv__card--mission .mv__card-title { color: #fff; }\r\n.mv__card--vision .mv__card-title { color: var(--brown); }\r\n\r\n.mv__card-text {\r\n  font-size: 14px;\r\n  line-height: 1.8;\r\n  font-weight: 400;\r\n}\r\n\r\n.mv__card--mission .mv__card-text { color: rgba(255,255,255,0.8); }\r\n.mv__card--vision .mv__card-text { color: var(--muted); }\r\n\r\n\/* \u2550\u2550 PHOTO GRID \u2550\u2550\u2550\u2550\u2550\u2550\u2550\u2550\u2550\u2550\u2550\u2550\u2550\u2550\u2550\u2550\u2550\u2550\u2550\u2550\u2550\u2550\u2550\u2550\u2550\u2550\u2550\u2550\u2550\u2550\u2550\u2550\u2550\u2550\u2550\u2550\u2550\u2550\u2550 *\/\r\n.photo-grid {\r\n  max-width: 1100px;\r\n  margin: 0 auto;\r\n  padding: 0 48px 100px;\r\n}\r\n\r\n.photo-grid__header {\r\n  text-align: center;\r\n  margin-bottom: 48px;\r\n}\r\n\r\n.photo-grid__tag {\r\n  display: inline-flex;\r\n  align-items: center;\r\n  gap: 7px;\r\n  font-size: 11px;\r\n  font-weight: 800;\r\n  letter-spacing: 0.16em;\r\n  text-transform: uppercase;\r\n  color: var(--red);\r\n  background: rgba(199,31,37,0.08);\r\n  border-radius: 50px;\r\n  padding: 6px 16px;\r\n  margin-bottom: 14px;\r\n}\r\n\r\n.photo-grid__title {\r\n  font-size: 32px;\r\n  font-weight: 900;\r\n  color: var(--brown);\r\n  letter-spacing: -0.5px;\r\n}\r\n\r\n.photo-grid__grid {\r\n  display: grid;\r\n  grid-template-columns: 2fr 1fr 1fr;\r\n  grid-template-rows: 260px 260px;\r\n  gap: 16px;\r\n}\r\n\r\n.photo-grid__item {\r\n  border-radius: 16px;\r\n  overflow: hidden;\r\n  position: relative;\r\n}\r\n\r\n.photo-grid__item:first-child {\r\n  grid-row: 1 \/ 3;\r\n}\r\n\r\n.photo-grid__item img {\r\n  width: 100%; height: 100%;\r\n  object-fit: cover;\r\n  display: block;\r\n  transition: transform 0.7s cubic-bezier(0.4,0,0.2,1), filter 0.4s;\r\n  filter: brightness(0.95);\r\n}\r\n\r\n.photo-grid__item:hover img {\r\n  transform: scale(1.06);\r\n  filter: brightness(0.82);\r\n}\r\n\r\n.photo-grid__item-overlay {\r\n  position: absolute;\r\n  inset: 0;\r\n  background: linear-gradient(to top, rgba(15,8,5,0.4) 0%, transparent 50%);\r\n  opacity: 0;\r\n  transition: opacity 0.4s;\r\n}\r\n\r\n.photo-grid__item:hover .photo-grid__item-overlay { opacity: 1; }\r\n\r\n\/* \u2550\u2550 MOBILE \u2550\u2550\u2550\u2550\u2550\u2550\u2550\u2550\u2550\u2550\u2550\u2550\u2550\u2550\u2550\u2550\u2550\u2550\u2550\u2550\u2550\u2550\u2550\u2550\u2550\u2550\u2550\u2550\u2550\u2550\u2550\u2550\u2550\u2550\u2550\u2550\u2550\u2550\u2550\u2550\u2550\u2550\u2550 *\/\r\n@media (max-width: 900px) {\r\n  .hero__title { font-size: 36px; }\r\n  .hero__content { padding: 0 28px 48px; }\r\n  .stats-bar__inner { grid-template-columns: repeat(2,1fr); padding: 0 28px; }\r\n  .about { grid-template-columns: 1fr; gap: 48px; padding: 64px 28px; }\r\n  .about__img-stack { height: 320px; }\r\n  .mv { grid-template-columns: 1fr; padding: 64px 28px; }\r\n  .photo-grid { padding: 0 28px 64px; }\r\n  .photo-grid__grid { grid-template-columns: 1fr 1fr; grid-template-rows: auto; }\r\n  .photo-grid__item:first-child { grid-row: auto; grid-column: 1 \/ 3; height: 260px; }\r\n  .quote-strip { padding: 48px 28px; }\r\n  .quote-strip__text { font-size: 16px; }\r\n}\r\n<\/style>\r\n<\/head>\r\n<body>\r\n\r\n<!-- \u2550\u2550 HERO \u2550\u2550\u2550\u2550\u2550\u2550\u2550\u2550\u2550\u2550\u2550\u2550\u2550\u2550\u2550\u2550\u2550\u2550\u2550\u2550\u2550\u2550\u2550\u2550\u2550\u2550\u2550\u2550\u2550\u2550\u2550\u2550\u2550\u2550\u2550\u2550\u2550\u2550\u2550\u2550\u2550\u2550 -->\r\n<section class=\"hero\">\r\n  <div class=\"hero__img\"><\/div>\r\n  <div class=\"hero__overlay\"><\/div>\r\n  <div class=\"hero__content\">\r\n    <div class=\"hero__tag\">\ud83c\udfe2 Corporate <span>\u00b7<\/span> Garanti Tavuk\u00e7uluk<\/div>\r\n    <h1 class=\"hero__title\">About<em>Us<\/em><\/h1>\r\n    <p class=\"hero__year\">Since 2007 \u00b7 Quality, Trust, Continuity<\/p>\r\n  <\/div>\r\n<\/section>\r\n\r\n<!-- \u2550\u2550 STATS BAR \u2550\u2550\u2550\u2550\u2550\u2550\u2550\u2550\u2550\u2550\u2550\u2550\u2550\u2550\u2550\u2550\u2550\u2550\u2550\u2550\u2550\u2550\u2550\u2550\u2550\u2550\u2550\u2550\u2550\u2550\u2550\u2550\u2550\u2550\u2550\u2550\u2550\u2550 -->\r\n<div class=\"stats-bar\">\r\n  <div class=\"stats-bar__inner\">\r\n    <div class=\"stats-bar__item reveal\">\r\n      <div class=\"stats-bar__val\">18+<\/div>\r\n      <div class=\"stats-bar__lbl\">Years of Experience<\/div>\r\n    <\/div>\r\n    <div class=\"stats-bar__item reveal\" style=\"transition-delay:0.1s\">\r\n      <div class=\"stats-bar__val\">500<\/div>\r\n      <div class=\"stats-bar__lbl\">Worker<\/div>\r\n    <\/div>\r\n    <div class=\"stats-bar__item reveal\" style=\"transition-delay:0.2s\">\r\n      <div class=\"stats-bar__val\">130M+<\/div>\r\n      <div class=\"stats-bar__lbl\">Annual Hatching Eggs<\/div>\r\n    <\/div>\r\n    <div class=\"stats-bar__item reveal\" style=\"transition-delay:0.3s\">\r\n      <div class=\"stats-bar__val\">109M+<\/div>\r\n      <div class=\"stats-bar__lbl\">Annual Daily Chicks<\/div>\r\n    <\/div>\r\n  <\/div>\r\n<\/div>\r\n\r\n<!-- \u2550\u2550 HAKKIMIZDA \u2550\u2550\u2550\u2550\u2550\u2550\u2550\u2550\u2550\u2550\u2550\u2550\u2550\u2550\u2550\u2550\u2550\u2550\u2550\u2550\u2550\u2550\u2550\u2550\u2550\u2550\u2550\u2550\u2550\u2550\u2550\u2550\u2550\u2550\u2550\u2550\u2550 -->\r\n<section>\r\n  <div class=\"about\">\r\n    <div class=\"reveal-left\">\r\n      <div class=\"about__text-tag\">\u2726 Who are we?<\/div>\r\n      <h2 class=\"about__heading\">The sector <em>strong<\/em><br>one of the suppliers<\/h2>\r\n\r\n      <p class=\"about__p\">\r\n        Garanti Poultry Inc., which started its business life in 2007, has shown significant development in both commercial egg and broiler fields in a short time, and today, with its workforce of 500 people, it has become one of Turkey's largest suppliers of hatching eggs and chicks.\r\n      <\/p>\r\n\r\n      <p class=\"about__p\">\r\n        Our company is the Turkish distributor of the Hy-Line breed, one of the world's most important egg-laying breeds, operating in approximately 120 countries. By offering chicks and hatching eggs produced in its own facilities to both domestic and international markets, it has achieved a strong position in the sector.\r\n      <\/p>\r\n\r\n      <p class=\"about__p\">\r\n        Garanti Poultry has continued its success in the commercial egg-laying sector in broiler production as well; it has reached a production capacity of more than 130 million hatching eggs and 109 million day-old chicks per year from Ross 308 breeders.\r\n      <\/p>\r\n\r\n      <p class=\"about__p\">\r\n        With our young and dynamic structure, which offers products to many markets besides Turkey, primarily the Middle East, Africa and Asia, we are resolutely continuing on our path in line with the principles of quality, continuity and trust.\r\n      <\/p>\r\n    <\/div>\r\n\r\n    <div class=\"about__img-stack reveal-right\">\r\n      <div class=\"about__img-main\">\r\n        <img decoding=\"async\" src=\"http:\/\/garantitavukculuk.com\/wp-content\/uploads\/2024\/10\/kalite-cevre-politikamiz164311010421.jpg\" alt=\"Tesis\" \/>\r\n      <\/div>\r\n      <div class=\"about__img-sub\">\r\n        <img decoding=\"async\" src=\"http:\/\/garantitavukculuk.com\/wp-content\/uploads\/2024\/10\/oralyum-1164793547571.jpg\" alt=\"\u00dcretim\" \/>\r\n      <\/div>\r\n      <div class=\"about__img-accent\"><\/div>\r\n    <\/div>\r\n  <\/div>\r\n<\/section>\r\n\r\n<!-- \u2550\u2550 QUOTE \u2550\u2550\u2550\u2550\u2550\u2550\u2550\u2550\u2550\u2550\u2550\u2550\u2550\u2550\u2550\u2550\u2550\u2550\u2550\u2550\u2550\u2550\u2550\u2550\u2550\u2550\u2550\u2550\u2550\u2550\u2550\u2550\u2550\u2550\u2550\u2550\u2550\u2550\u2550\u2550\u2550\u2550 -->\r\n<div class=\"quote-strip reveal\">\r\n  <div class=\"quote-strip__inner\">\r\n    <span class=\"quote-strip__mark\">\"<\/span>\r\n    <p class=\"quote-strip__text\">\r\n      In local and international markets, within the framework of agreed programs,\r\n      <em>in a timely manner, in sufficient quantities, and of the highest possible quality.<\/em>\r\n      We consider offering products to be our primary goal.\r\n    <\/p>\r\n    <div class=\"quote-strip__source\">Garanti Tavuk\u00e7uluk \u00b7 Quality and Trust<\/div>\r\n  <\/div>\r\n<\/div>\r\n\r\n<!-- \u2550\u2550 M\u0130SYON & V\u0130ZYON \u2550\u2550\u2550\u2550\u2550\u2550\u2550\u2550\u2550\u2550\u2550\u2550\u2550\u2550\u2550\u2550\u2550\u2550\u2550\u2550\u2550\u2550\u2550\u2550\u2550\u2550\u2550\u2550\u2550\u2550\u2550 -->\r\n<section class=\"mv\">\r\n  <div class=\"mv__card mv__card--mission reveal-left\">\r\n    <div class=\"mv__card-icon\">\ud83c\udfaf<\/div>\r\n    <div class=\"mv__card-label\">Mission<\/div>\r\n    <h3 class=\"mv__card-title\">Quality<br>Making it Sustainable<\/h3>\r\n    <p class=\"mv__card-text\">\r\n      In the production of hatching eggs and day-old chicks, our goal is to provide our customers with the products they need in local and international markets; at the right time, with the right planning, and with high quality standards.\r\n    <\/p>\r\n  <\/div>\r\n\r\n  <div class=\"mv__card mv__card--vision reveal-right\">\r\n    <div class=\"mv__card-icon\">\ud83c\udf0d<\/div>\r\n    <div class=\"mv__card-label\">Vision<\/div>\r\n    <h3 class=\"mv__card-title\">Inspiring confidence<br>Global Brand<\/h3>\r\n    <p class=\"mv__card-text\">\r\n      In the commercial egg and broiler sector, to be a reliable brand extending from Turkey to the world with advanced technology, high biosecurity systems, after-sales technical support and customer satisfaction approach.\r\n    <\/p>\r\n  <\/div>\r\n<\/section>\r\n\r\n<!-- \u2550\u2550 PHOTO GRID \u2550\u2550\u2550\u2550\u2550\u2550\u2550\u2550\u2550\u2550\u2550\u2550\u2550\u2550\u2550\u2550\u2550\u2550\u2550\u2550\u2550\u2550\u2550\u2550\u2550\u2550\u2550\u2550\u2550\u2550\u2550\u2550\u2550\u2550\u2550\u2550\u2550 -->\r\n<section class=\"photo-grid\">\r\n  <div class=\"photo-grid__header reveal\">\r\n    <div class=\"photo-grid__tag\">Our facilities<\/div>\r\n    <h2 class=\"photo-grid__title\">Production, Hatchery and Operations<\/h2>\r\n  <\/div>\r\n  <div class=\"photo-grid__grid reveal\">\r\n    <div class=\"photo-grid__item\">\r\n      <img decoding=\"async\" src=\"http:\/\/garantitavukculuk.com\/wp-content\/uploads\/2024\/10\/tesis164793554882.jpg\" alt=\"Tesis 1\" \/>\r\n      <div class=\"photo-grid__item-overlay\"><\/div>\r\n    <\/div>\r\n    <div class=\"photo-grid__item\">\r\n      <img decoding=\"async\" src=\"http:\/\/garantitavukculuk.com\/wp-content\/uploads\/2024\/10\/oyuk-uretim-tesisi164364124235.jpg\" alt=\"Tesis 2\" \/>\r\n      <div class=\"photo-grid__item-overlay\"><\/div>\r\n    <\/div>\r\n    <div class=\"photo-grid__item\">\r\n      <img decoding=\"async\" src=\"http:\/\/garantitavukculuk.com\/wp-content\/uploads\/2024\/10\/oralyum-3164793551652.jpg\" alt=\"Tesis 3\" \/>\r\n      <div class=\"photo-grid__item-overlay\"><\/div>\r\n    <\/div>\r\n    <div class=\"photo-grid__item\">\r\n      <img decoding=\"async\" src=\"http:\/\/garantitavukculuk.com\/wp-content\/uploads\/2024\/10\/kalite-cevre-politikamiz164311010421.jpg\" alt=\"Tesis 4\" \/>\r\n      <div class=\"photo-grid__item-overlay\"><\/div>\r\n    <\/div>\r\n    <div class=\"photo-grid__item\">\r\n      <img decoding=\"async\" src=\"http:\/\/garantitavukculuk.com\/wp-content\/uploads\/revslider\/video-media\/video3_3.jpeg\" alt=\"Tesis 5\" \/>\r\n      <div class=\"photo-grid__item-overlay\"><\/div>\r\n    <\/div>\r\n  <\/div>\r\n<\/section>\r\n\r\n<script>\r\n  const observer = new IntersectionObserver((entries) => {\r\n    entries.forEach(entry => {\r\n      if (entry.isIntersecting) {\r\n        entry.target.classList.add('in');\r\n        observer.unobserve(entry.target);\r\n      }\r\n    });\r\n  }, { threshold: 0.12, rootMargin: '0px 0px -40px 0px' });\r\n\r\n  document.querySelectorAll('.reveal, .reveal-left, .reveal-right').forEach((el, i) => {\r\n    if (!el.style.transitionDelay) el.style.transitionDelay = `${(i % 4) * 0.08}s`;\r\n    observer.observe(el);\r\n  });\r\n<\/script>\r\n\r\n<\/body>\r\n<\/html>\t\t\t\t<\/div>\n\t\t\t\t<\/div>\n\t\t\t\t<\/div>\n\t\t\t\t<\/div>","protected":false},"excerpt":{"rendered":"<p>Hakk\u0131m\u0131zda \u2014 Garanti Tavuk\u00e7uluk \ud83c\udfe2 Kurumsal \u00b7 Garanti Tavuk\u00e7uluk Hakk\u0131m\u0131zda 2007&#8217;den beri \u00b7 Kalite, G\u00fcven, S\u00fcreklilik 18+ Y\u0131l Deneyim 500 \u00c7al\u0131\u015fan 130M+ Y\u0131ll\u0131k Kulu\u00e7kal\u0131k Yumurta 109M+ Y\u0131ll\u0131k G\u00fcnl\u00fck Civciv \u2726 Biz Kimiz Sekt\u00f6r\u00fcn g\u00fc\u00e7l\u00fctedarik\u00e7ilerinden biri 2007 y\u0131l\u0131nda i\u015f hayat\u0131na ba\u015flayan Garanti Tavuk\u00e7uluk A.\u015e., hem ticari yumurtac\u0131 hem de broyler alan\u0131nda k\u0131sa s\u00fcrede \u00f6nemli bir geli\u015fim [&hellip;]<\/p>\n","protected":false},"author":1,"featured_media":0,"parent":0,"menu_order":0,"comment_status":"closed","ping_status":"closed","template":"elementor_header_footer","meta":{"footnotes":""},"class_list":["post-1385","page","type-page","status-publish","hentry"],"_links":{"self":[{"href":"https:\/\/garantitavukculuk.com\/en\/wp-json\/wp\/v2\/pages\/1385","targetHints":{"allow":["GET"]}}],"collection":[{"href":"https:\/\/garantitavukculuk.com\/en\/wp-json\/wp\/v2\/pages"}],"about":[{"href":"https:\/\/garantitavukculuk.com\/en\/wp-json\/wp\/v2\/types\/page"}],"author":[{"embeddable":true,"href":"https:\/\/garantitavukculuk.com\/en\/wp-json\/wp\/v2\/users\/1"}],"replies":[{"embeddable":true,"href":"https:\/\/garantitavukculuk.com\/en\/wp-json\/wp\/v2\/comments?post=1385"}],"version-history":[{"count":27,"href":"https:\/\/garantitavukculuk.com\/en\/wp-json\/wp\/v2\/pages\/1385\/revisions"}],"predecessor-version":[{"id":1883,"href":"https:\/\/garantitavukculuk.com\/en\/wp-json\/wp\/v2\/pages\/1385\/revisions\/1883"}],"wp:attachment":[{"href":"https:\/\/garantitavukculuk.com\/en\/wp-json\/wp\/v2\/media?parent=1385"}],"curies":[{"name":"wp","href":"https:\/\/api.w.org\/{rel}","templated":true}]}}