{"id":1745,"date":"2026-04-30T09:19:46","date_gmt":"2026-04-30T09:19:46","guid":{"rendered":"https:\/\/garantitavukculuk.com\/?page_id=1745"},"modified":"2026-05-02T12:46:13","modified_gmt":"2026-05-02T12:46:13","slug":"iletisim","status":"publish","type":"page","link":"https:\/\/garantitavukculuk.com\/en\/iletisim\/","title":{"rendered":"\u0130LET\u0130\u015e\u0130M"},"content":{"rendered":"\t\t<div data-elementor-type=\"wp-page\" data-elementor-id=\"1745\" class=\"elementor elementor-1745\" data-elementor-post-type=\"page\">\n\t\t\t\t<div class=\"elementor-element elementor-element-73f98a2 e-con-full e-flex e-con e-parent\" data-id=\"73f98a2\" data-element_type=\"container\">\n\t\t\t\t<div class=\"elementor-element elementor-element-54a95c4 elementor-widget elementor-widget-shortcode\" data-id=\"54a95c4\" data-element_type=\"widget\" data-widget_type=\"shortcode.default\">\n\t\t\t\t<div class=\"elementor-widget-container\">\n\t\t\t\t\t\t\t<div class=\"elementor-shortcode\">\n    <section class=\"gtcs-section\">\n        <div class=\"gtcs-deco\">GT<\/div>\n\n        <div class=\"gtcs-inner\">\n            <div class=\"gtcs-left\">\n                <span class=\"gtcs-eyebrow\">\u0130leti\u015fim<\/span>\n\n                <h2 class=\"gtcs-title\">\n                    Bizimle \u0130leti\u015fime Ge\u00e7in\n                <\/h2>\n\n                <p class=\"gtcs-text\">\n                    Garanti Tavuk\u00e7uluk hakk\u0131nda detayl\u0131 bilgi almak, \u00fcr\u00fcnlerimizle ilgili sorular\u0131n\u0131z\u0131 iletmek\n                    veya bizimle do\u011frudan ileti\u015fime ge\u00e7mek i\u00e7in formu doldurabilirsiniz.\n                <\/p>\n\n                <div class=\"gtcs-info-list\">\n                    <div class=\"gtcs-info-item\">\n                        <div class=\"gtcs-info-icon\">\ud83d\udccd<\/div>\n                        <div>\n                            <strong>Adres<\/strong>\n                            <span>Garanti Tavuk\u00e7uluk<\/span>\n                        <\/div>\n                    <\/div>\n\n                    <div class=\"gtcs-info-item\">\n                        <div class=\"gtcs-info-icon\">\ud83d\udcde<\/div>\n                        <div>\n                            <strong>Telefon<\/strong>\n                            <span>\u0130leti\u015fim numaran\u0131z\u0131 buraya ekleyin<\/span>\n                        <\/div>\n                    <\/div>\n\n                    <div class=\"gtcs-info-item\">\n                        <div class=\"gtcs-info-icon\">\u2709\ufe0f<\/div>\n                        <div>\n                            <strong>E-Posta<\/strong>\n                            <span>info@garantitavukculuk.com<\/span>\n                        <\/div>\n                    <\/div>\n                <\/div>\n            <\/div>\n\n            <div class=\"gtcs-right\">\n                <div class=\"gtcs-form-card\">\n                    <h3 class=\"gtcs-form-heading\">Mesaj G\u00f6nderin<\/h3>\n                    <p class=\"gtcs-form-sub\">En k\u0131sa s\u00fcrede geri d\u00f6n\u00fc\u015f yapaca\u011f\u0131z.<\/p>\n\n                    <div class='fluentform ff-default fluentform_wrapper_3 ffs_default_wrap'><form data-form_id=\"3\" id=\"fluentform_3\" class=\"frm-fluent-form fluent_form_3 ff-el-form-top ff_form_instance_3_1 ff-form-loading ffs_default\" data-form_instance=\"ff_form_instance_3_1\" method=\"POST\" ><fieldset  style=\"border: none!important;margin: 0!important;padding: 0!important;background-color: transparent!important;box-shadow: none!important;outline: none!important; min-inline-size: 100%;\">\n                    <legend class=\"ff_screen_reader_title\" style=\"display: block; margin: 0!important;padding: 0!important;height: 0!important;text-indent: -999999px;width: 0!important;overflow:hidden;\">Blank Form (#3)<\/legend><input type='hidden' name='__fluent_form_embded_post_id' value='1745' \/><input type=\"hidden\" id=\"_fluentform_3_fluentformnonce\" name=\"_fluentform_3_fluentformnonce\" value=\"736af8d5f0\" \/><input type=\"hidden\" name=\"_wp_http_referer\" value=\"\/en\/wp-json\/wp\/v2\/pages\/1745\" \/><div data-type=\"name-element\" data-name=\"names\" class=\" ff-field_container ff-name-field-wrapper\" ><div class='ff-t-container'><div class='ff-t-cell '><div class='ff-el-group ff-el-form-top'><div class=\"ff-el-input--label ff-el-is-required asterisk-right\"><label for='ff_3_names_first_name_' id='label_ff_3_names_first_name_' >Ad\u0131n\u0131z Soyad\u0131n\u0131z<\/label><\/div><div class='ff-el-input--content'><input type=\"text\" name=\"names[first_name]\" id=\"ff_3_names_first_name_\" class=\"ff-el-form-control\" placeholder=\"Ad\u0131n\u0131z ve Soyad\u0131n\u0131z\u0131 Giriniz\" aria-invalid=\"false\" aria-required=true><\/div><\/div><\/div><\/div><\/div><div class='ff-el-group'><div class=\"ff-el-input--label ff-el-is-required asterisk-right\"><label for='ff_3_email' id='label_ff_3_email' aria-label=\"Email\">Email<\/label><\/div><div class='ff-el-input--content'><input type=\"email\" name=\"email\" id=\"ff_3_email\" class=\"ff-el-form-control\" placeholder=\"Email Adresiniz\" data-name=\"email\"  aria-invalid=\"false\" aria-required=true><\/div><\/div><div class='ff-el-group'><div class=\"ff-el-input--label ff-el-is-required asterisk-right\"><label for='ff_3_numeric_field' id='label_ff_3_numeric_field' aria-label=\"Telefon Numaran\u0131z\">Telefon Numaran\u0131z<\/label><\/div><div class='ff-el-input--content'><input type=\"number\" name=\"numeric_field\" id=\"ff_3_numeric_field\" class=\"ff-el-form-control\" data-name=\"numeric_field\" inputmode=\"numeric\" step=\"any\"  aria-invalid=\"false\" aria-required=true><\/div><\/div><div class='ff-el-group'><div class=\"ff-el-input--label ff-el-is-required asterisk-right\"><label for='ff_3_input_text' id='label_ff_3_input_text' aria-label=\"Mesaj\u0131n\u0131z\">Mesaj\u0131n\u0131z<\/label><\/div><div class='ff-el-input--content'><input type=\"text\" name=\"input_text\" class=\"ff-el-form-control\" data-name=\"input_text\" id=\"ff_3_input_text\"  aria-invalid=\"false\" aria-required=true><\/div><\/div><div class='ff-el-group ff-text-center ff_submit_btn_wrapper'><button type=\"submit\" class=\"ff-btn ff-btn-submit ff-btn-md ff_btn_style\"  aria-label=\"G\u00f6nder\">G\u00f6nder<\/button><\/div><\/fieldset><\/form><div id='fluentform_3_errors' class='ff-errors-in-stack ff_form_instance_3_1 ff-form-loading_errors ff_form_instance_3_1_errors'><\/div><\/div>            <script type=\"text\/javascript\">\n                window.fluent_form_ff_form_instance_3_1 = {\"id\":\"3\",\"ajaxUrl\":\"https:\\\/\\\/garantitavukculuk.com\\\/wp-admin\\\/admin-ajax.php\",\"settings\":{\"layout\":{\"labelPlacement\":\"top\",\"asteriskPlacement\":\"asterisk-right\",\"helpMessagePlacement\":\"with_label\",\"errorMessagePlacement\":\"inline\",\"cssClassName\":\"\"},\"restrictions\":{\"denyEmptySubmission\":{\"enabled\":false}}},\"form_instance\":\"ff_form_instance_3_1\",\"form_id_selector\":\"fluentform_3\",\"rules\":{\"names[first_name]\":{\"required\":{\"value\":true,\"message\":\"Bu Alan Zorunludur!\",\"global_message\":\"This field is required\",\"global\":false}},\"names[middle_name]\":{\"required\":{\"value\":false,\"message\":\"This field is required\",\"global_message\":\"This field is required\",\"global\":true}},\"names[last_name]\":{\"required\":{\"value\":false,\"message\":\"This field is required\",\"global_message\":\"This field is required\",\"global\":true}},\"email\":{\"required\":{\"value\":true,\"message\":\"Bu Alan Zorunludur!\",\"global_message\":\"This field is required\",\"global\":false},\"email\":{\"value\":true,\"message\":\"This field must contain a valid email\",\"global_message\":\"This field must contain a valid email\",\"global\":true}},\"numeric_field\":{\"required\":{\"value\":true,\"message\":\"Bu Alan Zorunludur!\",\"global_message\":\"This field is required\",\"global\":false},\"numeric\":{\"value\":true,\"message\":\"This field must contain numeric value\",\"global_message\":\"This field must contain numeric value\",\"global\":true},\"min\":{\"value\":\"\",\"message\":\"Validation fails for minimum value\",\"global_message\":\"Validation fails for minimum value\",\"global\":true},\"max\":{\"value\":\"\",\"message\":\"Validation fails for maximum value\",\"global_message\":\"Validation fails for maximum value\",\"global\":true},\"digits\":{\"value\":\"\",\"message\":\"Validation fails for limited digits\",\"global_message\":\"Validation fails for limited digits\",\"global\":true}},\"input_text\":{\"required\":{\"value\":true,\"message\":\"Bu Alan Zorunludur!\",\"global_message\":\"This field is required\",\"global\":false}}},\"debounce_time\":300};\n                            <\/script>\n                            <\/div>\n            <\/div>\n        <\/div>\n    <\/section>\n\n    <\/div>\n\t\t\t\t\t\t<\/div>\n\t\t\t\t<\/div>\n\t\t\t\t<\/div>\n\t\t\t\t<\/div>\n\t\t","protected":false},"excerpt":{"rendered":"","protected":false},"author":1,"featured_media":0,"parent":0,"menu_order":0,"comment_status":"closed","ping_status":"closed","template":"elementor_header_footer","meta":{"footnotes":""},"class_list":["post-1745","page","type-page","status-publish","hentry"],"_links":{"self":[{"href":"https:\/\/garantitavukculuk.com\/en\/wp-json\/wp\/v2\/pages\/1745","targetHints":{"allow":["GET"]}}],"collection":[{"href":"https:\/\/garantitavukculuk.com\/en\/wp-json\/wp\/v2\/pages"}],"about":[{"href":"https:\/\/garantitavukculuk.com\/en\/wp-json\/wp\/v2\/types\/page"}],"author":[{"embeddable":true,"href":"https:\/\/garantitavukculuk.com\/en\/wp-json\/wp\/v2\/users\/1"}],"replies":[{"embeddable":true,"href":"https:\/\/garantitavukculuk.com\/en\/wp-json\/wp\/v2\/comments?post=1745"}],"version-history":[{"count":26,"href":"https:\/\/garantitavukculuk.com\/en\/wp-json\/wp\/v2\/pages\/1745\/revisions"}],"predecessor-version":[{"id":1898,"href":"https:\/\/garantitavukculuk.com\/en\/wp-json\/wp\/v2\/pages\/1745\/revisions\/1898"}],"wp:attachment":[{"href":"https:\/\/garantitavukculuk.com\/en\/wp-json\/wp\/v2\/media?parent=1745"}],"curies":[{"name":"wp","href":"https:\/\/api.w.org\/{rel}","templated":true}]}}